{"id":332,"date":"2022-05-02T11:06:32","date_gmt":"2022-05-02T09:06:32","guid":{"rendered":"https:\/\/mediacompass.pixdev.hu\/about-us\/"},"modified":"2022-11-02T12:34:02","modified_gmt":"2022-11-02T11:34:02","slug":"about-us","status":"publish","type":"page","link":"https:\/\/mediacompass.hu\/en\/about-us\/","title":{"rendered":"About Us"},"content":{"rendered":"\t\t<div data-elementor-type=\"wp-page\" data-elementor-id=\"332\" class=\"elementor elementor-332 elementor-103\" data-elementor-post-type=\"page\">\n\t\t\t\t\t\t<section class=\"elementor-section elementor-top-section elementor-element elementor-element-711f73d elementor-section-height-min-height elementor-section-boxed elementor-section-height-default elementor-section-items-middle\" data-id=\"711f73d\" data-element_type=\"section\" data-settings=\"{&quot;shape_divider_top&quot;:&quot;pyramids&quot;}\">\n\t\t\t\t\t<div class=\"elementor-shape elementor-shape-top\" aria-hidden=\"true\" data-negative=\"false\">\n\t\t\t<svg xmlns=\"http:\/\/www.w3.org\/2000\/svg\" viewBox=\"0 0 1000 100\" preserveAspectRatio=\"none\">\n\t<path class=\"elementor-shape-fill\" d=\"M761.9,44.1L643.1,27.2L333.8,98L0,3.8V0l1000,0v3.9\"\/>\n<\/svg>\t\t<\/div>\n\t\t\t\t\t<div class=\"elementor-container elementor-column-gap-default\">\n\t\t\t\t\t<div class=\"elementor-column elementor-col-100 elementor-top-column elementor-element elementor-element-c5b3fe2\" data-id=\"c5b3fe2\" data-element_type=\"column\">\n\t\t\t<div class=\"elementor-widget-wrap elementor-element-populated\">\n\t\t\t\t\t\t<div class=\"elementor-element elementor-element-e223d52 elementor-widget elementor-widget-heading\" data-id=\"e223d52\" data-element_type=\"widget\" data-widget_type=\"heading.default\">\n\t\t\t\t<div class=\"elementor-widget-container\">\n\t\t\t\t\t<h1 class=\"elementor-heading-title elementor-size-default\">About Us<\/h1>\t\t\t\t<\/div>\n\t\t\t\t<\/div>\n\t\t\t\t<div class=\"elementor-element elementor-element-795f177 elementor-widget-divider--view-line elementor-widget elementor-widget-divider\" data-id=\"795f177\" data-element_type=\"widget\" data-widget_type=\"divider.default\">\n\t\t\t\t<div class=\"elementor-widget-container\">\n\t\t\t\t\t\t\t<div class=\"elementor-divider\">\n\t\t\t<span class=\"elementor-divider-separator\">\n\t\t\t\t\t\t<\/span>\n\t\t<\/div>\n\t\t\t\t\t\t<\/div>\n\t\t\t\t<\/div>\n\t\t\t\t\t<\/div>\n\t\t<\/div>\n\t\t\t\t\t<\/div>\n\t\t<\/section>\n\t\t\t\t<section class=\"elementor-section elementor-top-section elementor-element elementor-element-dabf4f9 elementor-section-boxed elementor-section-height-default elementor-section-height-default\" data-id=\"dabf4f9\" data-element_type=\"section\">\n\t\t\t\t\t\t<div class=\"elementor-container elementor-column-gap-default\">\n\t\t\t\t\t<div class=\"elementor-column elementor-col-100 elementor-top-column elementor-element elementor-element-bc449e1\" data-id=\"bc449e1\" data-element_type=\"column\">\n\t\t\t<div class=\"elementor-widget-wrap elementor-element-populated\">\n\t\t\t\t\t\t<div class=\"elementor-element elementor-element-ed2c725 elementor-widget elementor-widget-text-editor\" data-id=\"ed2c725\" data-element_type=\"widget\" data-widget_type=\"text-editor.default\">\n\t\t\t\t<div class=\"elementor-widget-container\">\n\t\t\t\t\t\t\t\t\t<p>Media Compass is a media consulting company founded in 2011 by \u00c9va Szemes and Anna P\u00e9nzes. \u00c9va Szemes has been operating on the market as an independent consultant since 2000 and Anna P\u00e9nzes since 2006. Both of them started consulting activities with a strong media agency background: after going through all phases of media agency work, they changed from an agency manager position to an advisor role. The two have combined their expertise in Media Compass, a company that aims to create tangible value for its clients. In the course of its work, the company examines media activity and media buying related activities of advertisers on the basis of independent criteria in order to be able to exploit the current opportunities of the market with maximum efficiency and to make well-established media decisions with which advertisers can achieve monetary development both in shaping their media strategy and in their media buying.<\/p>\n<p>All this is provided by Media Compass with an ever-expanding, professional team. The media professional consultants involved in the assignments have at least 15 years of media agency or media side experience. Satisfied, returning clients prove that a credible and well-positioned media compass is an essential support in media management and media investment decision-making.<\/p>\n\t\t\t\t\t\t\t\t<\/div>\n\t\t\t\t<\/div>\n\t\t\t\t\t<\/div>\n\t\t<\/div>\n\t\t\t\t\t<\/div>\n\t\t<\/section>\n\t\t\t\t<section class=\"elementor-section elementor-top-section elementor-element elementor-element-00f15ae elementor-section-boxed elementor-section-height-default elementor-section-height-default\" data-id=\"00f15ae\" data-element_type=\"section\">\n\t\t\t\t\t\t<div class=\"elementor-container elementor-column-gap-default\">\n\t\t\t\t\t<div class=\"elementor-column elementor-col-100 elementor-top-column elementor-element elementor-element-1b1753a\" data-id=\"1b1753a\" data-element_type=\"column\">\n\t\t\t<div class=\"elementor-widget-wrap elementor-element-populated\">\n\t\t\t\t\t\t<div class=\"elementor-element elementor-element-d7843c0 elementor-position-left elementor-widget__width-initial elementor-vertical-align-top elementor-widget elementor-widget-image-box\" data-id=\"d7843c0\" data-element_type=\"widget\" data-widget_type=\"image-box.default\">\n\t\t\t\t<div class=\"elementor-widget-container\">\n\t\t\t\t\t<div class=\"elementor-image-box-wrapper\"><figure class=\"elementor-image-box-img\"><img fetchpriority=\"high\" decoding=\"async\" width=\"800\" height=\"1199\" src=\"https:\/\/mediacompass.hu\/wp-content\/uploads\/2022\/07\/Penzes-Anna.jpg\" class=\"attachment-full size-full wp-image-463\" alt=\"\" srcset=\"https:\/\/mediacompass.hu\/wp-content\/uploads\/2022\/07\/Penzes-Anna.jpg 800w, https:\/\/mediacompass.hu\/wp-content\/uploads\/2022\/07\/Penzes-Anna-200x300.jpg 200w, https:\/\/mediacompass.hu\/wp-content\/uploads\/2022\/07\/Penzes-Anna-683x1024.jpg 683w, https:\/\/mediacompass.hu\/wp-content\/uploads\/2022\/07\/Penzes-Anna-768x1151.jpg 768w\" sizes=\"(max-width: 800px) 100vw, 800px\" \/><\/figure><div class=\"elementor-image-box-content\"><h3 class=\"elementor-image-box-title\">Anna P\u00e9nzes<\/h3><p class=\"elementor-image-box-description\"><b>Owner, managing director<\/b>\n<br>\n13 years of media agency experience and nearly 20 years of media auditing and media consulting experience<\/p><\/div><\/div>\t\t\t\t<\/div>\n\t\t\t\t<\/div>\n\t\t\t\t<div class=\"elementor-element elementor-element-63bd08d elementor-position-left elementor-widget__width-initial elementor-vertical-align-top elementor-widget elementor-widget-image-box\" data-id=\"63bd08d\" data-element_type=\"widget\" data-widget_type=\"image-box.default\">\n\t\t\t\t<div class=\"elementor-widget-container\">\n\t\t\t\t\t<div class=\"elementor-image-box-wrapper\"><figure class=\"elementor-image-box-img\"><img decoding=\"async\" width=\"800\" height=\"1198\" src=\"https:\/\/mediacompass.hu\/wp-content\/uploads\/2022\/07\/Szemes-Eva.jpg\" class=\"attachment-full size-full wp-image-465\" alt=\"\" srcset=\"https:\/\/mediacompass.hu\/wp-content\/uploads\/2022\/07\/Szemes-Eva.jpg 800w, https:\/\/mediacompass.hu\/wp-content\/uploads\/2022\/07\/Szemes-Eva-200x300.jpg 200w, https:\/\/mediacompass.hu\/wp-content\/uploads\/2022\/07\/Szemes-Eva-684x1024.jpg 684w, https:\/\/mediacompass.hu\/wp-content\/uploads\/2022\/07\/Szemes-Eva-768x1150.jpg 768w\" sizes=\"(max-width: 800px) 100vw, 800px\" \/><\/figure><div class=\"elementor-image-box-content\"><h3 class=\"elementor-image-box-title\">\u00c9va Szemes<\/h3><p class=\"elementor-image-box-description\"><b>Owner, managing director<\/b><br>\n9 years of media agency and more than 20 years of media auditing and media consulting experience<\/p><\/div><\/div>\t\t\t\t<\/div>\n\t\t\t\t<\/div>\n\t\t\t\t\t<\/div>\n\t\t<\/div>\n\t\t\t\t\t<\/div>\n\t\t<\/section>\n\t\t\t\t<section class=\"elementor-section elementor-top-section elementor-element elementor-element-d2ef47e elementor-section-boxed elementor-section-height-default elementor-section-height-default\" data-id=\"d2ef47e\" data-element_type=\"section\">\n\t\t\t\t\t\t<div class=\"elementor-container elementor-column-gap-default\">\n\t\t\t\t\t<div class=\"elementor-column elementor-col-100 elementor-top-column elementor-element elementor-element-be76a2c\" data-id=\"be76a2c\" data-element_type=\"column\">\n\t\t\t<div class=\"elementor-widget-wrap elementor-element-populated\">\n\t\t\t\t\t\t<div class=\"elementor-element elementor-element-1bd98b3 elementor-position-left elementor-widget__width-initial elementor-vertical-align-top elementor-widget elementor-widget-image-box\" data-id=\"1bd98b3\" data-element_type=\"widget\" data-widget_type=\"image-box.default\">\n\t\t\t\t<div class=\"elementor-widget-container\">\n\t\t\t\t\t<div class=\"elementor-image-box-wrapper\"><figure class=\"elementor-image-box-img\"><img decoding=\"async\" width=\"800\" height=\"1137\" src=\"https:\/\/mediacompass.hu\/wp-content\/uploads\/2022\/06\/Csorbai-Noemi.jpg\" class=\"attachment-full size-full wp-image-399\" alt=\"\" srcset=\"https:\/\/mediacompass.hu\/wp-content\/uploads\/2022\/06\/Csorbai-Noemi.jpg 800w, https:\/\/mediacompass.hu\/wp-content\/uploads\/2022\/06\/Csorbai-Noemi-211x300.jpg 211w, https:\/\/mediacompass.hu\/wp-content\/uploads\/2022\/06\/Csorbai-Noemi-720x1024.jpg 720w, https:\/\/mediacompass.hu\/wp-content\/uploads\/2022\/06\/Csorbai-Noemi-768x1092.jpg 768w\" sizes=\"(max-width: 800px) 100vw, 800px\" \/><\/figure><div class=\"elementor-image-box-content\"><h3 class=\"elementor-image-box-title\">No\u00e9mi Csorbai<\/h3><p class=\"elementor-image-box-description\"><b>Senior media consultant<\/b><br>\n16 years of media agency and 1 year of media auditor and media consulting experience<\/p><\/div><\/div>\t\t\t\t<\/div>\n\t\t\t\t<\/div>\n\t\t\t\t<div class=\"elementor-element elementor-element-ac99eed elementor-position-left elementor-widget__width-initial elementor-vertical-align-top elementor-widget elementor-widget-image-box\" data-id=\"ac99eed\" data-element_type=\"widget\" data-widget_type=\"image-box.default\">\n\t\t\t\t<div class=\"elementor-widget-container\">\n\t\t\t\t\t<div class=\"elementor-image-box-wrapper\"><figure class=\"elementor-image-box-img\"><img loading=\"lazy\" decoding=\"async\" width=\"800\" height=\"1199\" src=\"https:\/\/mediacompass.hu\/wp-content\/uploads\/2022\/06\/Erdelyi-Erzsebet.jpg\" class=\"attachment-full size-full wp-image-401\" alt=\"\" srcset=\"https:\/\/mediacompass.hu\/wp-content\/uploads\/2022\/06\/Erdelyi-Erzsebet.jpg 800w, https:\/\/mediacompass.hu\/wp-content\/uploads\/2022\/06\/Erdelyi-Erzsebet-200x300.jpg 200w, https:\/\/mediacompass.hu\/wp-content\/uploads\/2022\/06\/Erdelyi-Erzsebet-683x1024.jpg 683w, https:\/\/mediacompass.hu\/wp-content\/uploads\/2022\/06\/Erdelyi-Erzsebet-768x1151.jpg 768w\" sizes=\"(max-width: 800px) 100vw, 800px\" \/><\/figure><div class=\"elementor-image-box-content\"><h3 class=\"elementor-image-box-title\">Erzs\u00e9bet Erd\u00e9lyi<\/h3><p class=\"elementor-image-box-description\"><b>Senior Consultant<\/b><br>\n20 years of experience in television and 5 years in media auditing and media consulting<\/p><\/div><\/div>\t\t\t\t<\/div>\n\t\t\t\t<\/div>\n\t\t\t\t<div class=\"elementor-element elementor-element-1561dfe elementor-position-left elementor-widget__width-initial elementor-vertical-align-top elementor-widget elementor-widget-image-box\" data-id=\"1561dfe\" data-element_type=\"widget\" data-widget_type=\"image-box.default\">\n\t\t\t\t<div class=\"elementor-widget-container\">\n\t\t\t\t\t<div class=\"elementor-image-box-wrapper\"><figure class=\"elementor-image-box-img\"><img loading=\"lazy\" decoding=\"async\" width=\"800\" height=\"1199\" src=\"https:\/\/mediacompass.hu\/wp-content\/uploads\/2022\/06\/Lenard-Viktoria.jpg\" class=\"attachment-full size-full wp-image-403\" alt=\"\" srcset=\"https:\/\/mediacompass.hu\/wp-content\/uploads\/2022\/06\/Lenard-Viktoria.jpg 800w, https:\/\/mediacompass.hu\/wp-content\/uploads\/2022\/06\/Lenard-Viktoria-200x300.jpg 200w, https:\/\/mediacompass.hu\/wp-content\/uploads\/2022\/06\/Lenard-Viktoria-683x1024.jpg 683w, https:\/\/mediacompass.hu\/wp-content\/uploads\/2022\/06\/Lenard-Viktoria-768x1151.jpg 768w\" sizes=\"(max-width: 800px) 100vw, 800px\" \/><\/figure><div class=\"elementor-image-box-content\"><h3 class=\"elementor-image-box-title\">Vikt\u00f3ria L\u00e9n\u00e1rd<\/h3><p class=\"elementor-image-box-description\"><b>Media Consulting Assistant<\/b><br>\n15 years of assistant experience and 2 years of media consulting assistant experience<\/p><\/div><\/div>\t\t\t\t<\/div>\n\t\t\t\t<\/div>\n\t\t\t\t<div class=\"elementor-element elementor-element-cdb979f elementor-position-left elementor-widget__width-initial elementor-vertical-align-top elementor-widget elementor-widget-image-box\" data-id=\"cdb979f\" data-element_type=\"widget\" data-widget_type=\"image-box.default\">\n\t\t\t\t<div class=\"elementor-widget-container\">\n\t\t\t\t\t<div class=\"elementor-image-box-wrapper\"><figure class=\"elementor-image-box-img\"><img loading=\"lazy\" decoding=\"async\" width=\"800\" height=\"1199\" src=\"https:\/\/mediacompass.hu\/wp-content\/uploads\/2022\/06\/Herczeg-Bernadett.jpg\" class=\"attachment-full size-full wp-image-405\" alt=\"\" srcset=\"https:\/\/mediacompass.hu\/wp-content\/uploads\/2022\/06\/Herczeg-Bernadett.jpg 800w, https:\/\/mediacompass.hu\/wp-content\/uploads\/2022\/06\/Herczeg-Bernadett-200x300.jpg 200w, https:\/\/mediacompass.hu\/wp-content\/uploads\/2022\/06\/Herczeg-Bernadett-683x1024.jpg 683w, https:\/\/mediacompass.hu\/wp-content\/uploads\/2022\/06\/Herczeg-Bernadett-768x1151.jpg 768w\" sizes=\"(max-width: 800px) 100vw, 800px\" \/><\/figure><div class=\"elementor-image-box-content\"><h3 class=\"elementor-image-box-title\">Bernadett Herczeg<\/h3><p class=\"elementor-image-box-description\"><b>Office manager<\/b><br>\n15 years of office management experience<\/p><\/div><\/div>\t\t\t\t<\/div>\n\t\t\t\t<\/div>\n\t\t\t\t<div class=\"elementor-element elementor-element-ce94fc0 elementor-position-left elementor-widget__width-initial elementor-vertical-align-top elementor-widget elementor-widget-image-box\" data-id=\"ce94fc0\" data-element_type=\"widget\" data-widget_type=\"image-box.default\">\n\t\t\t\t<div class=\"elementor-widget-container\">\n\t\t\t\t\t<div class=\"elementor-image-box-wrapper\"><figure class=\"elementor-image-box-img\"><img loading=\"lazy\" decoding=\"async\" width=\"800\" height=\"1199\" src=\"https:\/\/mediacompass.hu\/wp-content\/uploads\/2022\/06\/Kantor-Kata.jpg\" class=\"attachment-full size-full wp-image-407\" alt=\"\" srcset=\"https:\/\/mediacompass.hu\/wp-content\/uploads\/2022\/06\/Kantor-Kata.jpg 800w, https:\/\/mediacompass.hu\/wp-content\/uploads\/2022\/06\/Kantor-Kata-200x300.jpg 200w, https:\/\/mediacompass.hu\/wp-content\/uploads\/2022\/06\/Kantor-Kata-683x1024.jpg 683w, https:\/\/mediacompass.hu\/wp-content\/uploads\/2022\/06\/Kantor-Kata-768x1151.jpg 768w\" sizes=\"(max-width: 800px) 100vw, 800px\" \/><\/figure><div class=\"elementor-image-box-content\"><h3 class=\"elementor-image-box-title\">Kata K\u00e1ntor<\/h3><p class=\"elementor-image-box-description\"><b>Strategic Analyst<\/b><br>\n14 years of media agency and 2 years of media research also 15 years of media auditing and media consulting experience<\/p><\/div><\/div>\t\t\t\t<\/div>\n\t\t\t\t<\/div>\n\t\t\t\t\t<\/div>\n\t\t<\/div>\n\t\t\t\t\t<\/div>\n\t\t<\/section>\n\t\t\t\t<section class=\"elementor-section elementor-top-section elementor-element elementor-element-57cfc17 elementor-section-boxed elementor-section-height-default elementor-section-height-default\" data-id=\"57cfc17\" data-element_type=\"section\">\n\t\t\t\t\t\t<div class=\"elementor-container elementor-column-gap-default\">\n\t\t\t\t\t<div class=\"elementor-column elementor-col-100 elementor-top-column elementor-element elementor-element-e28825c\" data-id=\"e28825c\" data-element_type=\"column\">\n\t\t\t<div class=\"elementor-widget-wrap elementor-element-populated\">\n\t\t\t\t\t\t<div class=\"elementor-element elementor-element-e161e22 elementor-align-center elementor-widget elementor-widget-button\" data-id=\"e161e22\" data-element_type=\"widget\" data-widget_type=\"button.default\">\n\t\t\t\t<div class=\"elementor-widget-container\">\n\t\t\t\t\t\t\t\t\t<div class=\"elementor-button-wrapper\">\n\t\t\t\t\t<a class=\"elementor-button elementor-button-link elementor-size-sm\" href=\"https:\/\/mediacompass.hu\/en\/contact-us\/\">\n\t\t\t\t\t\t<span class=\"elementor-button-content-wrapper\">\n\t\t\t\t\t\t\t\t\t<span class=\"elementor-button-text\">Contact us!<\/span>\n\t\t\t\t\t<\/span>\n\t\t\t\t\t<\/a>\n\t\t\t\t<\/div>\n\t\t\t\t\t\t\t\t<\/div>\n\t\t\t\t<\/div>\n\t\t\t\t\t<\/div>\n\t\t<\/div>\n\t\t\t\t\t<\/div>\n\t\t<\/section>\n\t\t\t\t<\/div>\n\t\t","protected":false},"excerpt":{"rendered":"<p>About Us Media Compass is a media consulting company founded in 2011 by \u00c9va Szemes and Anna P\u00e9nzes. \u00c9va Szemes has been operating on the market as an independent consultant since 2000 and Anna P\u00e9nzes since 2006. Both of them started consulting activities with a strong media agency background: after going through all phases of [&hellip;]<\/p>\n","protected":false},"author":2,"featured_media":0,"parent":0,"menu_order":0,"comment_status":"closed","ping_status":"closed","template":"","meta":{"footnotes":""},"class_list":["post-332","page","type-page","status-publish","hentry"],"_links":{"self":[{"href":"https:\/\/mediacompass.hu\/en\/wp-json\/wp\/v2\/pages\/332","targetHints":{"allow":["GET"]}}],"collection":[{"href":"https:\/\/mediacompass.hu\/en\/wp-json\/wp\/v2\/pages"}],"about":[{"href":"https:\/\/mediacompass.hu\/en\/wp-json\/wp\/v2\/types\/page"}],"author":[{"embeddable":true,"href":"https:\/\/mediacompass.hu\/en\/wp-json\/wp\/v2\/users\/2"}],"replies":[{"embeddable":true,"href":"https:\/\/mediacompass.hu\/en\/wp-json\/wp\/v2\/comments?post=332"}],"version-history":[{"count":2,"href":"https:\/\/mediacompass.hu\/en\/wp-json\/wp\/v2\/pages\/332\/revisions"}],"predecessor-version":[{"id":608,"href":"https:\/\/mediacompass.hu\/en\/wp-json\/wp\/v2\/pages\/332\/revisions\/608"}],"wp:attachment":[{"href":"https:\/\/mediacompass.hu\/en\/wp-json\/wp\/v2\/media?parent=332"}],"curies":[{"name":"wp","href":"https:\/\/api.w.org\/{rel}","templated":true}]}}